{"id":1960,"date":"2026-04-07T16:11:37","date_gmt":"2026-04-07T16:11:37","guid":{"rendered":"https:\/\/congty979-las877.com\/?page_id=1960"},"modified":"2026-04-07T16:12:19","modified_gmt":"2026-04-07T16:12:19","slug":"danh-sach-can-bo-bang-phan-cong-cong-viec","status":"publish","type":"page","link":"https:\/\/congty979-las877.com\/?page_id=1960","title":{"rendered":"DANH S\u00c1CH C\u00c1N B\u1ed8, B\u1ea2NG PH\u00c2N C\u00d4NG C\u00d4NG VI\u1ec6C"},"content":{"rendered":"\t\t<div data-elementor-type=\"wp-page\" data-elementor-id=\"1960\" class=\"elementor elementor-1960\" data-elementor-post-type=\"page\">\n\t\t\t\t<div class=\"elementor-element elementor-element-9e9ae52 e-flex e-con-boxed e-con e-parent\" data-id=\"9e9ae52\" data-element_type=\"container\" data-e-type=\"container\">\n\t\t\t\t\t<div class=\"e-con-inner\">\n\t\t\t\t<div class=\"elementor-element elementor-element-7b77ea9 elementor-widget elementor-widget-shortcode\" data-id=\"7b77ea9\" data-element_type=\"widget\" data-e-type=\"widget\" data-widget_type=\"shortcode.default\">\n\t\t\t\t\t\t\t<div class=\"elementor-shortcode\"><div class=\"_df_book df-lite\" id=\"df_1957\"  _slug=\"danh-sach-can-bo-bang-phan-cong-cong-viec\" data-title=\"danh-sach-can-bo-bang-phan-cong-cong-viec\" wpoptions=\"true\" thumbtype=\"\" ><\/div><script class=\"df-shortcode-script\" nowprocket type=\"application\/javascript\">window.option_df_1957 = {\"outline\":[],\"autoEnableOutline\":\"false\",\"autoEnableThumbnail\":\"false\",\"overwritePDFOutline\":\"false\",\"direction\":\"1\",\"pageSize\":\"0\",\"source\":\"https:\\\/\\\/congty979-las877.com\\\/wp-content\\\/uploads\\\/2026\\\/04\\\/DS-CAN-BO-BANG-PHAN-CONG-CV.pdf\",\"wpOptions\":\"true\"}; if(window.DFLIP && window.DFLIP.parseBooks){window.DFLIP.parseBooks();}<\/script><\/div>\n\t\t\t\t\t\t<\/div>\n\t\t\t\t\t<\/div>\n\t\t\t\t<\/div>\n\t\t\t\t<\/div>\n\t\t","protected":false},"excerpt":{"rendered":"","protected":false},"author":1,"featured_media":0,"parent":311,"menu_order":0,"comment_status":"closed","ping_status":"closed","template":"","meta":{"footnotes":""},"class_list":["post-1960","page","type-page","status-publish","hentry"],"_links":{"self":[{"href":"https:\/\/congty979-las877.com\/index.php?rest_route=\/wp\/v2\/pages\/1960","targetHints":{"allow":["GET"]}}],"collection":[{"href":"https:\/\/congty979-las877.com\/index.php?rest_route=\/wp\/v2\/pages"}],"about":[{"href":"https:\/\/congty979-las877.com\/index.php?rest_route=\/wp\/v2\/types\/page"}],"author":[{"embeddable":true,"href":"https:\/\/congty979-las877.com\/index.php?rest_route=\/wp\/v2\/users\/1"}],"replies":[{"embeddable":true,"href":"https:\/\/congty979-las877.com\/index.php?rest_route=%2Fwp%2Fv2%2Fcomments&post=1960"}],"version-history":[{"count":4,"href":"https:\/\/congty979-las877.com\/index.php?rest_route=\/wp\/v2\/pages\/1960\/revisions"}],"predecessor-version":[{"id":1964,"href":"https:\/\/congty979-las877.com\/index.php?rest_route=\/wp\/v2\/pages\/1960\/revisions\/1964"}],"up":[{"embeddable":true,"href":"https:\/\/congty979-las877.com\/index.php?rest_route=\/wp\/v2\/pages\/311"}],"wp:attachment":[{"href":"https:\/\/congty979-las877.com\/index.php?rest_route=%2Fwp%2Fv2%2Fmedia&parent=1960"}],"curies":[{"name":"wp","href":"https:\/\/api.w.org\/{rel}","templated":true}]}}