{"id":1935,"date":"2026-04-07T15:59:30","date_gmt":"2026-04-07T15:59:30","guid":{"rendered":"https:\/\/congty979-las877.com\/?page_id=1935"},"modified":"2026-04-07T16:04:47","modified_gmt":"2026-04-07T16:04:47","slug":"quyet-dinh-thanh-lap-phong-thi-nghiem-va-xay-dung","status":"publish","type":"page","link":"https:\/\/congty979-las877.com\/?page_id=1935","title":{"rendered":"QUY\u1ebeT \u0110\u1ecaNH B\u1ed4 NHI\u1ec6M TR\u01af\u1edeNG PH\u00d2NG &#038; PH\u00d3 PH\u00d2NG"},"content":{"rendered":"\t\t<div data-elementor-type=\"wp-page\" data-elementor-id=\"1935\" class=\"elementor elementor-1935\" data-elementor-post-type=\"page\">\n\t\t\t\t<div class=\"elementor-element elementor-element-9e9ae52 e-flex e-con-boxed e-con e-parent\" data-id=\"9e9ae52\" data-element_type=\"container\" data-e-type=\"container\">\n\t\t\t\t\t<div class=\"e-con-inner\">\n\t\t\t\t<div class=\"elementor-element elementor-element-7b77ea9 elementor-widget elementor-widget-shortcode\" data-id=\"7b77ea9\" data-element_type=\"widget\" data-e-type=\"widget\" data-widget_type=\"shortcode.default\">\n\t\t\t\t\t\t\t<div class=\"elementor-shortcode\"><div class=\"_df_book df-lite\" id=\"df_1942\"  _slug=\"quyet-dinh-bo-nhiem-truong-phong-pho-phong\" data-title=\"quyet-dinh-bo-nhiem-truong-phong-pho-phong\" wpoptions=\"true\" thumbtype=\"\" ><\/div><script class=\"df-shortcode-script\" nowprocket type=\"application\/javascript\">window.option_df_1942 = {\"outline\":[],\"autoEnableOutline\":\"false\",\"autoEnableThumbnail\":\"false\",\"overwritePDFOutline\":\"false\",\"direction\":\"1\",\"pageSize\":\"0\",\"source\":\"https:\\\/\\\/congty979-las877.com\\\/wp-content\\\/uploads\\\/2026\\\/04\\\/GOP.pdf\",\"wpOptions\":\"true\"}; if(window.DFLIP && window.DFLIP.parseBooks){window.DFLIP.parseBooks();}<\/script><\/div>\n\t\t\t\t\t\t<\/div>\n\t\t\t\t\t<\/div>\n\t\t\t\t<\/div>\n\t\t\t\t<\/div>\n\t\t","protected":false},"excerpt":{"rendered":"","protected":false},"author":1,"featured_media":0,"parent":311,"menu_order":0,"comment_status":"closed","ping_status":"closed","template":"","meta":{"footnotes":""},"class_list":["post-1935","page","type-page","status-publish","hentry"],"_links":{"self":[{"href":"https:\/\/congty979-las877.com\/index.php?rest_route=\/wp\/v2\/pages\/1935","targetHints":{"allow":["GET"]}}],"collection":[{"href":"https:\/\/congty979-las877.com\/index.php?rest_route=\/wp\/v2\/pages"}],"about":[{"href":"https:\/\/congty979-las877.com\/index.php?rest_route=\/wp\/v2\/types\/page"}],"author":[{"embeddable":true,"href":"https:\/\/congty979-las877.com\/index.php?rest_route=\/wp\/v2\/users\/1"}],"replies":[{"embeddable":true,"href":"https:\/\/congty979-las877.com\/index.php?rest_route=%2Fwp%2Fv2%2Fcomments&post=1935"}],"version-history":[{"count":8,"href":"https:\/\/congty979-las877.com\/index.php?rest_route=\/wp\/v2\/pages\/1935\/revisions"}],"predecessor-version":[{"id":1950,"href":"https:\/\/congty979-las877.com\/index.php?rest_route=\/wp\/v2\/pages\/1935\/revisions\/1950"}],"up":[{"embeddable":true,"href":"https:\/\/congty979-las877.com\/index.php?rest_route=\/wp\/v2\/pages\/311"}],"wp:attachment":[{"href":"https:\/\/congty979-las877.com\/index.php?rest_route=%2Fwp%2Fv2%2Fmedia&parent=1935"}],"curies":[{"name":"wp","href":"https:\/\/api.w.org\/{rel}","templated":true}]}}