{"id":173,"date":"2026-03-11T12:01:26","date_gmt":"2026-03-11T12:01:26","guid":{"rendered":"https:\/\/mathuong447.com\/?page_id=173"},"modified":"2026-04-09T09:11:13","modified_gmt":"2026-04-09T09:11:13","slug":"du-an","status":"publish","type":"page","link":"https:\/\/congty979-las877.com\/?page_id=173","title":{"rendered":"KI\u1ec2M \u0110\u1ecaNH CH\u1ea4T L\u01af\u1ee2NG"},"content":{"rendered":"\t\t<div data-elementor-type=\"wp-page\" data-elementor-id=\"173\" class=\"elementor elementor-173\" data-elementor-post-type=\"page\">\n\t\t\t\t<div class=\"elementor-element elementor-element-659cf8a e-con-full e-flex e-con e-parent\" data-id=\"659cf8a\" data-element_type=\"container\" data-e-type=\"container\" data-settings=\"{&quot;background_background&quot;:&quot;classic&quot;}\">\n\t\t<div class=\"elementor-element elementor-element-a89a754 e-flex e-con-boxed e-con e-child\" data-id=\"a89a754\" data-element_type=\"container\" data-e-type=\"container\">\n\t\t\t\t\t<div class=\"e-con-inner\">\n\t\t\t\t<div class=\"elementor-element elementor-element-9c2c9ad animated-slow elementor-invisible elementor-widget elementor-widget-heading\" data-id=\"9c2c9ad\" data-element_type=\"widget\" data-e-type=\"widget\" data-settings=\"{&quot;_animation&quot;:&quot;slideInUp&quot;}\" data-widget_type=\"heading.default\">\n\t\t\t\t\t<h1 class=\"elementor-heading-title elementor-size-default\">NH\u1eeeNG D\u1ef0 \u00c1N N\u1ed4I B\u1eacT C\u1ee6A C\u00f4ng ty 979-las877<\/h1>\t\t\t\t<\/div>\n\t\t\t\t<div class=\"elementor-element elementor-element-18261db elementor-invisible elementor-widget elementor-widget-heading\" data-id=\"18261db\" data-element_type=\"widget\" data-e-type=\"widget\" data-settings=\"{&quot;_animation&quot;:&quot;slideInUp&quot;}\" data-widget_type=\"heading.default\">\n\t\t\t\t\t<h2 class=\"elementor-heading-title elementor-size-default\">C\u00d4NG TY 979 - LAS 877 \u0111\u1ea3m b\u1ea3o ti\u1ebfn \u0111\u1ed9 - ch\u00ednh x\u00e1c - hi\u1ec7u qu\u1ea3 cho m\u1ecdi c\u00f4ng tr\u00ecnh.<\/h2>\t\t\t\t<\/div>\n\t\t\t\t<div class=\"elementor-element elementor-element-e11b676 elementor-view-default elementor-widget elementor-widget-icon\" data-id=\"e11b676\" data-element_type=\"widget\" data-e-type=\"widget\" data-widget_type=\"icon.default\">\n\t\t\t\t\t\t\t<div class=\"elementor-icon-wrapper\">\n\t\t\t<a class=\"elementor-icon\" href=\"https:\/\/congty979-las877.com\/\">\n\t\t\t<svg aria-hidden=\"true\" class=\"e-font-icon-svg e-fas-home\" viewBox=\"0 0 576 512\" xmlns=\"http:\/\/www.w3.org\/2000\/svg\"><path d=\"M280.37 148.26L96 300.11V464a16 16 0 0 0 16 16l112.06-.29a16 16 0 0 0 15.92-16V368a16 16 0 0 1 16-16h64a16 16 0 0 1 16 16v95.64a16 16 0 0 0 16 16.05L464 480a16 16 0 0 0 16-16V300L295.67 148.26a12.19 12.19 0 0 0-15.3 0zM571.6 251.47L488 182.56V44.05a12 12 0 0 0-12-12h-56a12 12 0 0 0-12 12v72.61L318.47 43a48 48 0 0 0-61 0L4.34 251.47a12 12 0 0 0-1.6 16.9l25.5 31A12 12 0 0 0 45.15 301l235.22-193.74a12.19 12.19 0 0 1 15.3 0L530.9 301a12 12 0 0 0 16.9-1.6l25.5-31a12 12 0 0 0-1.7-16.93z\"><\/path><\/svg>\t\t\t<\/a>\n\t\t<\/div>\n\t\t\t\t\t\t<\/div>\n\t\t\t\t<div class=\"elementor-element elementor-element-299de47 elementor-grid-4 e-transform e-transform elementor-grid-tablet-2 elementor-grid-mobile-1 elementor-widget elementor-widget-portfolio\" data-id=\"299de47\" data-element_type=\"widget\" data-e-type=\"widget\" data-settings=\"{&quot;columns&quot;:&quot;4&quot;,&quot;item_ratio&quot;:{&quot;unit&quot;:&quot;px&quot;,&quot;size&quot;:0.75,&quot;sizes&quot;:[]},&quot;row_gap&quot;:{&quot;unit&quot;:&quot;px&quot;,&quot;size&quot;:11,&quot;sizes&quot;:[]},&quot;_animation&quot;:&quot;none&quot;,&quot;columns_tablet&quot;:&quot;2&quot;,&quot;columns_mobile&quot;:&quot;1&quot;,&quot;item_gap&quot;:{&quot;unit&quot;:&quot;px&quot;,&quot;size&quot;:&quot;&quot;,&quot;sizes&quot;:[]},&quot;_transform_rotateZ_effect_hover&quot;:{&quot;unit&quot;:&quot;px&quot;,&quot;size&quot;:&quot;&quot;,&quot;sizes&quot;:[]},&quot;_transform_rotateZ_effect_hover_tablet&quot;:{&quot;unit&quot;:&quot;deg&quot;,&quot;size&quot;:&quot;&quot;,&quot;sizes&quot;:[]},&quot;_transform_rotateZ_effect_hover_mobile&quot;:{&quot;unit&quot;:&quot;deg&quot;,&quot;size&quot;:&quot;&quot;,&quot;sizes&quot;:[]},&quot;_transform_skewX_effect_hover&quot;:{&quot;unit&quot;:&quot;px&quot;,&quot;size&quot;:&quot;&quot;,&quot;sizes&quot;:[]},&quot;_transform_skewX_effect_hover_tablet&quot;:{&quot;unit&quot;:&quot;deg&quot;,&quot;size&quot;:&quot;&quot;,&quot;sizes&quot;:[]},&quot;_transform_skewX_effect_hover_mobile&quot;:{&quot;unit&quot;:&quot;deg&quot;,&quot;size&quot;:&quot;&quot;,&quot;sizes&quot;:[]},&quot;_transform_skewY_effect_hover&quot;:{&quot;unit&quot;:&quot;px&quot;,&quot;size&quot;:&quot;&quot;,&quot;sizes&quot;:[]},&quot;_transform_skewY_effect_hover_tablet&quot;:{&quot;unit&quot;:&quot;deg&quot;,&quot;size&quot;:&quot;&quot;,&quot;sizes&quot;:[]},&quot;_transform_skewY_effect_hover_mobile&quot;:{&quot;unit&quot;:&quot;deg&quot;,&quot;size&quot;:&quot;&quot;,&quot;sizes&quot;:[]}}\" data-widget_type=\"portfolio.default\">\n\t\t\t\t<div class=\"elementor-widget-container\">\n\t\t\t\t\t\t\t<div class=\"elementor-portfolio elementor-grid elementor-posts-container\" role=\"list\">\n\t\t\t\t<article class=\"elementor-portfolio-item elementor-post elementor-filter-23 post-2042 post type-post status-publish format-standard has-post-thumbnail hentry category-du-an-tieu-bieu\" role=\"listitem\">\n\t\t\t<a class=\"elementor-post__thumbnail__link\" href=\"https:\/\/congty979-las877.com\/?p=2042\">\n\t\t\t\t<div class=\"elementor-portfolio-item__img elementor-post__thumbnail\">\n\t\t\t<img fetchpriority=\"high\" decoding=\"async\" width=\"1100\" height=\"715\" src=\"https:\/\/congty979-las877.com\/wp-content\/uploads\/2026\/04\/DUONG-VANH-DAI-2.jpg\" class=\"attachment-2048x2048 size-2048x2048 wp-image-2043\" alt=\"\" srcset=\"https:\/\/congty979-las877.com\/wp-content\/uploads\/2026\/04\/DUONG-VANH-DAI-2.jpg 1100w, https:\/\/congty979-las877.com\/wp-content\/uploads\/2026\/04\/DUONG-VANH-DAI-2-300x195.jpg 300w, https:\/\/congty979-las877.com\/wp-content\/uploads\/2026\/04\/DUONG-VANH-DAI-2-1024x666.jpg 1024w, https:\/\/congty979-las877.com\/wp-content\/uploads\/2026\/04\/DUONG-VANH-DAI-2-768x499.jpg 768w\" sizes=\"(max-width: 1100px) 100vw, 1100px\" \/>\t\t<\/div>\n\t\t\t\t<div class=\"elementor-portfolio-item__overlay\">\n\t\t\t\t<h3 class=\"elementor-portfolio-item__title\">\n\t\t\u0110\u01af\u1edcNG V\u00c0NH \u0110AI 2\t\t<\/h3>\n\t\t\t\t<\/div>\n\t\t\t\t<\/a>\n\t\t<\/article>\n\t\t\t\t<article class=\"elementor-portfolio-item elementor-post elementor-filter-23 post-2039 post type-post status-publish format-standard has-post-thumbnail hentry category-du-an-tieu-bieu\" role=\"listitem\">\n\t\t\t<a class=\"elementor-post__thumbnail__link\" href=\"https:\/\/congty979-las877.com\/?p=2039\">\n\t\t\t\t<div class=\"elementor-portfolio-item__img elementor-post__thumbnail\">\n\t\t\t<img decoding=\"async\" width=\"1384\" height=\"753\" src=\"https:\/\/congty979-las877.com\/wp-content\/uploads\/2026\/04\/DUONG-HO-CHI-MINH-DOAN-RACH-SOI-VINH-THUAN.webp\" class=\"attachment-2048x2048 size-2048x2048 wp-image-2040\" alt=\"\" srcset=\"https:\/\/congty979-las877.com\/wp-content\/uploads\/2026\/04\/DUONG-HO-CHI-MINH-DOAN-RACH-SOI-VINH-THUAN.webp 1384w, https:\/\/congty979-las877.com\/wp-content\/uploads\/2026\/04\/DUONG-HO-CHI-MINH-DOAN-RACH-SOI-VINH-THUAN-300x163.webp 300w, https:\/\/congty979-las877.com\/wp-content\/uploads\/2026\/04\/DUONG-HO-CHI-MINH-DOAN-RACH-SOI-VINH-THUAN-1024x557.webp 1024w, https:\/\/congty979-las877.com\/wp-content\/uploads\/2026\/04\/DUONG-HO-CHI-MINH-DOAN-RACH-SOI-VINH-THUAN-768x418.webp 768w\" sizes=\"(max-width: 1384px) 100vw, 1384px\" \/>\t\t<\/div>\n\t\t\t\t<div class=\"elementor-portfolio-item__overlay\">\n\t\t\t\t<h3 class=\"elementor-portfolio-item__title\">\n\t\t\u0110\u01af\u1edcNG H\u1ed2 CH\u00cd MINH \u0110O\u1ea0N R\u1ea0CH S\u1eceI &#8211; V\u0128NH THU\u1eacN\t\t<\/h3>\n\t\t\t\t<\/div>\n\t\t\t\t<\/a>\n\t\t<\/article>\n\t\t\t\t<article class=\"elementor-portfolio-item elementor-post elementor-filter-23 post-868 post type-post status-publish format-standard has-post-thumbnail hentry category-du-an-tieu-bieu\" role=\"listitem\">\n\t\t\t<a class=\"elementor-post__thumbnail__link\" href=\"https:\/\/congty979-las877.com\/?p=868\">\n\t\t\t\t<div class=\"elementor-portfolio-item__img elementor-post__thumbnail\">\n\t\t\t<img decoding=\"async\" width=\"700\" height=\"455\" src=\"https:\/\/congty979-las877.com\/wp-content\/uploads\/2026\/03\/z7631924310513_3fab3d0e40be9087a4768aa0c386c260.webp\" class=\"attachment-2048x2048 size-2048x2048 wp-image-2076\" alt=\"\" srcset=\"https:\/\/congty979-las877.com\/wp-content\/uploads\/2026\/03\/z7631924310513_3fab3d0e40be9087a4768aa0c386c260.webp 700w, https:\/\/congty979-las877.com\/wp-content\/uploads\/2026\/03\/z7631924310513_3fab3d0e40be9087a4768aa0c386c260-300x195.webp 300w\" sizes=\"(max-width: 700px) 100vw, 700px\" \/>\t\t<\/div>\n\t\t\t\t<div class=\"elementor-portfolio-item__overlay\">\n\t\t\t\t<h3 class=\"elementor-portfolio-item__title\">\n\t\tD\u1ef0 \u00c1N N\u00daT GIAO L\u1ed8 T\u1eba &#8211; R\u1ea0CH S\u1eceI\t\t<\/h3>\n\t\t\t\t<\/div>\n\t\t\t\t<\/a>\n\t\t<\/article>\n\t\t\t\t<article class=\"elementor-portfolio-item elementor-post elementor-filter-23 post-866 post type-post status-publish format-standard has-post-thumbnail hentry category-du-an-tieu-bieu\" role=\"listitem\">\n\t\t\t<a class=\"elementor-post__thumbnail__link\" href=\"https:\/\/congty979-las877.com\/?p=866\">\n\t\t\t\t<div class=\"elementor-portfolio-item__img elementor-post__thumbnail\">\n\t\t\t<img loading=\"lazy\" decoding=\"async\" width=\"660\" height=\"440\" src=\"https:\/\/congty979-las877.com\/wp-content\/uploads\/2026\/03\/z7631917743875_31d79b5a3c9a27bf136348c008c9a7b4.jpg\" class=\"attachment-2048x2048 size-2048x2048 wp-image-841\" alt=\"\" srcset=\"https:\/\/congty979-las877.com\/wp-content\/uploads\/2026\/03\/z7631917743875_31d79b5a3c9a27bf136348c008c9a7b4.jpg 660w, https:\/\/congty979-las877.com\/wp-content\/uploads\/2026\/03\/z7631917743875_31d79b5a3c9a27bf136348c008c9a7b4-300x200.jpg 300w\" sizes=\"(max-width: 660px) 100vw, 660px\" \/>\t\t<\/div>\n\t\t\t\t<div class=\"elementor-portfolio-item__overlay\">\n\t\t\t\t<h3 class=\"elementor-portfolio-item__title\">\n\t\tD\u1ef0 \u00c1N \u0110\u01af\u1edcNG H\u1ed2 CH\u00cd MINH \u0110O\u1ea0N CH\u01a0N TH\u00c0NH &#8211; \u0110\u1ee8C H\u00d2A\t\t<\/h3>\n\t\t\t\t<\/div>\n\t\t\t\t<\/a>\n\t\t<\/article>\n\t\t\t\t<article class=\"elementor-portfolio-item elementor-post elementor-filter-23 post-864 post type-post status-publish format-standard has-post-thumbnail hentry category-du-an-tieu-bieu\" role=\"listitem\">\n\t\t\t<a class=\"elementor-post__thumbnail__link\" href=\"https:\/\/congty979-las877.com\/?p=864\">\n\t\t\t\t<div class=\"elementor-portfolio-item__img elementor-post__thumbnail\">\n\t\t\t<img loading=\"lazy\" decoding=\"async\" width=\"1960\" height=\"1306\" src=\"https:\/\/congty979-las877.com\/wp-content\/uploads\/2026\/03\/z7631914466749_d7d7aa29954e25a60e719982aaf1e34d.jpg\" class=\"attachment-2048x2048 size-2048x2048 wp-image-842\" alt=\"\" srcset=\"https:\/\/congty979-las877.com\/wp-content\/uploads\/2026\/03\/z7631914466749_d7d7aa29954e25a60e719982aaf1e34d.jpg 1960w, https:\/\/congty979-las877.com\/wp-content\/uploads\/2026\/03\/z7631914466749_d7d7aa29954e25a60e719982aaf1e34d-300x200.jpg 300w, https:\/\/congty979-las877.com\/wp-content\/uploads\/2026\/03\/z7631914466749_d7d7aa29954e25a60e719982aaf1e34d-1024x682.jpg 1024w, https:\/\/congty979-las877.com\/wp-content\/uploads\/2026\/03\/z7631914466749_d7d7aa29954e25a60e719982aaf1e34d-768x512.jpg 768w, https:\/\/congty979-las877.com\/wp-content\/uploads\/2026\/03\/z7631914466749_d7d7aa29954e25a60e719982aaf1e34d-1536x1023.jpg 1536w\" sizes=\"(max-width: 1960px) 100vw, 1960px\" \/>\t\t<\/div>\n\t\t\t\t<div class=\"elementor-portfolio-item__overlay\">\n\t\t\t\t<h3 class=\"elementor-portfolio-item__title\">\n\t\tD\u1ef0 \u00c1N CAO T\u1ed0C V\u0128NH H\u1ea2O &#8211; PHAN THI\u1ebeT\t\t<\/h3>\n\t\t\t\t<\/div>\n\t\t\t\t<\/a>\n\t\t<\/article>\n\t\t\t\t<article class=\"elementor-portfolio-item elementor-post elementor-filter-23 post-862 post type-post status-publish format-standard has-post-thumbnail hentry category-du-an-tieu-bieu\" role=\"listitem\">\n\t\t\t<a class=\"elementor-post__thumbnail__link\" href=\"https:\/\/congty979-las877.com\/?p=862\">\n\t\t\t\t<div class=\"elementor-portfolio-item__img elementor-post__thumbnail\">\n\t\t\t<img loading=\"lazy\" decoding=\"async\" width=\"2048\" height=\"1152\" src=\"https:\/\/congty979-las877.com\/wp-content\/uploads\/2026\/03\/z7631911892236_1ba16151cd04e43760575de8983d6d19-2048x1152.jpg\" class=\"attachment-2048x2048 size-2048x2048 wp-image-843\" alt=\"\" srcset=\"https:\/\/congty979-las877.com\/wp-content\/uploads\/2026\/03\/z7631911892236_1ba16151cd04e43760575de8983d6d19-2048x1152.jpg 2048w, https:\/\/congty979-las877.com\/wp-content\/uploads\/2026\/03\/z7631911892236_1ba16151cd04e43760575de8983d6d19-300x169.jpg 300w, https:\/\/congty979-las877.com\/wp-content\/uploads\/2026\/03\/z7631911892236_1ba16151cd04e43760575de8983d6d19-1024x576.jpg 1024w, https:\/\/congty979-las877.com\/wp-content\/uploads\/2026\/03\/z7631911892236_1ba16151cd04e43760575de8983d6d19-768x432.jpg 768w, https:\/\/congty979-las877.com\/wp-content\/uploads\/2026\/03\/z7631911892236_1ba16151cd04e43760575de8983d6d19-1536x864.jpg 1536w\" sizes=\"(max-width: 2048px) 100vw, 2048px\" \/>\t\t<\/div>\n\t\t\t\t<div class=\"elementor-portfolio-item__overlay\">\n\t\t\t\t<h3 class=\"elementor-portfolio-item__title\">\n\t\tCAO T\u1ed0C TRUNG L\u01af\u01a0NG &#8211; M\u1ef8 THU\u1eacN\t\t<\/h3>\n\t\t\t\t<\/div>\n\t\t\t\t<\/a>\n\t\t<\/article>\n\t\t\t\t<article class=\"elementor-portfolio-item elementor-post elementor-filter-23 post-860 post type-post status-publish format-standard has-post-thumbnail hentry category-du-an-tieu-bieu\" role=\"listitem\">\n\t\t\t<a class=\"elementor-post__thumbnail__link\" href=\"https:\/\/congty979-las877.com\/?p=860\">\n\t\t\t\t<div class=\"elementor-portfolio-item__img elementor-post__thumbnail\">\n\t\t\t<img loading=\"lazy\" decoding=\"async\" width=\"600\" height=\"400\" src=\"https:\/\/congty979-las877.com\/wp-content\/uploads\/2026\/03\/z7631909317844_d755968de9e14e757964d7335a4277e2.jpg\" class=\"attachment-2048x2048 size-2048x2048 wp-image-844\" alt=\"\" srcset=\"https:\/\/congty979-las877.com\/wp-content\/uploads\/2026\/03\/z7631909317844_d755968de9e14e757964d7335a4277e2.jpg 600w, https:\/\/congty979-las877.com\/wp-content\/uploads\/2026\/03\/z7631909317844_d755968de9e14e757964d7335a4277e2-300x200.jpg 300w\" sizes=\"(max-width: 600px) 100vw, 600px\" \/>\t\t<\/div>\n\t\t\t\t<div class=\"elementor-portfolio-item__overlay\">\n\t\t\t\t<h3 class=\"elementor-portfolio-item__title\">\n\t\tCAO T\u1ed0C BI\u00caN H\u00d2A-V\u0168NG T\u00c0U\t\t<\/h3>\n\t\t\t\t<\/div>\n\t\t\t\t<\/a>\n\t\t<\/article>\n\t\t\t\t<article class=\"elementor-portfolio-item elementor-post elementor-filter-23 post-858 post type-post status-publish format-standard has-post-thumbnail hentry category-du-an-tieu-bieu\" role=\"listitem\">\n\t\t\t<a class=\"elementor-post__thumbnail__link\" href=\"https:\/\/congty979-las877.com\/?p=858\">\n\t\t\t\t<div class=\"elementor-portfolio-item__img elementor-post__thumbnail\">\n\t\t\t<img loading=\"lazy\" decoding=\"async\" width=\"1390\" height=\"782\" src=\"https:\/\/congty979-las877.com\/wp-content\/uploads\/2026\/03\/z7631904007892_be601948854aeeb411466e8b735f474d.jpg\" class=\"attachment-2048x2048 size-2048x2048 wp-image-845\" alt=\"\" srcset=\"https:\/\/congty979-las877.com\/wp-content\/uploads\/2026\/03\/z7631904007892_be601948854aeeb411466e8b735f474d.jpg 1390w, https:\/\/congty979-las877.com\/wp-content\/uploads\/2026\/03\/z7631904007892_be601948854aeeb411466e8b735f474d-300x169.jpg 300w, https:\/\/congty979-las877.com\/wp-content\/uploads\/2026\/03\/z7631904007892_be601948854aeeb411466e8b735f474d-1024x576.jpg 1024w, https:\/\/congty979-las877.com\/wp-content\/uploads\/2026\/03\/z7631904007892_be601948854aeeb411466e8b735f474d-768x432.jpg 768w\" sizes=\"(max-width: 1390px) 100vw, 1390px\" \/>\t\t<\/div>\n\t\t\t\t<div class=\"elementor-portfolio-item__overlay\">\n\t\t\t\t<h3 class=\"elementor-portfolio-item__title\">\n\t\tC\u1ea6U V\u01af\u1ee2T M\u1ef8 TH\u1ee6Y \u0110I C\u00c1T L\u00c1I\t\t<\/h3>\n\t\t\t\t<\/div>\n\t\t\t\t<\/a>\n\t\t<\/article>\n\t\t\t\t<article class=\"elementor-portfolio-item elementor-post elementor-filter-23 post-855 post type-post status-publish format-standard has-post-thumbnail hentry category-du-an-tieu-bieu\" role=\"listitem\">\n\t\t\t<a class=\"elementor-post__thumbnail__link\" href=\"https:\/\/congty979-las877.com\/?p=855\">\n\t\t\t\t<div class=\"elementor-portfolio-item__img elementor-post__thumbnail\">\n\t\t\t<img loading=\"lazy\" decoding=\"async\" width=\"1667\" height=\"1112\" src=\"https:\/\/congty979-las877.com\/wp-content\/uploads\/2026\/03\/z7631896055164_f4fb8413c9159f47403a7895f2d04bbe.jpg\" class=\"attachment-2048x2048 size-2048x2048 wp-image-846\" alt=\"\" srcset=\"https:\/\/congty979-las877.com\/wp-content\/uploads\/2026\/03\/z7631896055164_f4fb8413c9159f47403a7895f2d04bbe.jpg 1667w, https:\/\/congty979-las877.com\/wp-content\/uploads\/2026\/03\/z7631896055164_f4fb8413c9159f47403a7895f2d04bbe-300x200.jpg 300w, https:\/\/congty979-las877.com\/wp-content\/uploads\/2026\/03\/z7631896055164_f4fb8413c9159f47403a7895f2d04bbe-1024x683.jpg 1024w, https:\/\/congty979-las877.com\/wp-content\/uploads\/2026\/03\/z7631896055164_f4fb8413c9159f47403a7895f2d04bbe-768x512.jpg 768w, https:\/\/congty979-las877.com\/wp-content\/uploads\/2026\/03\/z7631896055164_f4fb8413c9159f47403a7895f2d04bbe-1536x1025.jpg 1536w\" sizes=\"(max-width: 1667px) 100vw, 1667px\" \/>\t\t<\/div>\n\t\t\t\t<div class=\"elementor-portfolio-item__overlay\">\n\t\t\t\t<h3 class=\"elementor-portfolio-item__title\">\n\t\tC\u1ea6U V\u01af\u1ee2T B\u1eb0NG TH\u00c9P NG\u00c3 T\u01af TH\u1ee6 \u0110\u1ee8C\t\t<\/h3>\n\t\t\t\t<\/div>\n\t\t\t\t<\/a>\n\t\t<\/article>\n\t\t\t\t<article class=\"elementor-portfolio-item elementor-post elementor-filter-23 post-852 post type-post status-publish format-standard has-post-thumbnail hentry category-du-an-tieu-bieu\" role=\"listitem\">\n\t\t\t<a class=\"elementor-post__thumbnail__link\" href=\"https:\/\/congty979-las877.com\/?p=852\">\n\t\t\t\t<div class=\"elementor-portfolio-item__img elementor-post__thumbnail\">\n\t\t\t<img loading=\"lazy\" decoding=\"async\" width=\"1024\" height=\"723\" src=\"https:\/\/congty979-las877.com\/wp-content\/uploads\/2026\/03\/z7631882737008_b54f2966c70e09adfa2d9f56123a5072.jpg\" class=\"attachment-2048x2048 size-2048x2048 wp-image-853\" alt=\"\" srcset=\"https:\/\/congty979-las877.com\/wp-content\/uploads\/2026\/03\/z7631882737008_b54f2966c70e09adfa2d9f56123a5072.jpg 1024w, https:\/\/congty979-las877.com\/wp-content\/uploads\/2026\/03\/z7631882737008_b54f2966c70e09adfa2d9f56123a5072-300x212.jpg 300w, https:\/\/congty979-las877.com\/wp-content\/uploads\/2026\/03\/z7631882737008_b54f2966c70e09adfa2d9f56123a5072-768x542.jpg 768w\" sizes=\"(max-width: 1024px) 100vw, 1024px\" \/>\t\t<\/div>\n\t\t\t\t<div class=\"elementor-portfolio-item__overlay\">\n\t\t\t\t<h3 class=\"elementor-portfolio-item__title\">\n\t\tTR\u1ee4 S\u1ede S\u1ede C\u1ea2NH S\u00c1T PCCC TH\u00c0NH PH\u1ed0 H\u1ed2 CH\u00cd MINH\t\t<\/h3>\n\t\t\t\t<\/div>\n\t\t\t\t<\/a>\n\t\t<\/article>\n\t\t\t\t<article class=\"elementor-portfolio-item elementor-post elementor-filter-23 post-849 post type-post status-publish format-standard has-post-thumbnail hentry category-du-an-tieu-bieu\" role=\"listitem\">\n\t\t\t<a class=\"elementor-post__thumbnail__link\" href=\"https:\/\/congty979-las877.com\/?p=849\">\n\t\t\t\t<div class=\"elementor-portfolio-item__img elementor-post__thumbnail\">\n\t\t\t<img loading=\"lazy\" decoding=\"async\" width=\"380\" height=\"250\" src=\"https:\/\/congty979-las877.com\/wp-content\/uploads\/2026\/03\/z7631877402322_b382024acd8cc97fa72e99e5ee1813e9.jpg\" class=\"attachment-2048x2048 size-2048x2048 wp-image-850\" alt=\"\" srcset=\"https:\/\/congty979-las877.com\/wp-content\/uploads\/2026\/03\/z7631877402322_b382024acd8cc97fa72e99e5ee1813e9.jpg 380w, https:\/\/congty979-las877.com\/wp-content\/uploads\/2026\/03\/z7631877402322_b382024acd8cc97fa72e99e5ee1813e9-300x197.jpg 300w\" sizes=\"(max-width: 380px) 100vw, 380px\" \/>\t\t<\/div>\n\t\t\t\t<div class=\"elementor-portfolio-item__overlay\">\n\t\t\t\t<h3 class=\"elementor-portfolio-item__title\">\n\t\tTR\u01af\u1edcNG \u0110\u1ea0I H\u1eccC C\u1ea2NH S\u00c1T NH\u00c2N D\u00c2N\t\t<\/h3>\n\t\t\t\t<\/div>\n\t\t\t\t<\/a>\n\t\t<\/article>\n\t\t\t\t<article class=\"elementor-portfolio-item elementor-post elementor-filter-23 post-840 post type-post status-publish format-standard has-post-thumbnail hentry category-du-an-tieu-bieu\" role=\"listitem\">\n\t\t\t<a class=\"elementor-post__thumbnail__link\" href=\"https:\/\/congty979-las877.com\/?p=840\">\n\t\t\t\t<div class=\"elementor-portfolio-item__img elementor-post__thumbnail\">\n\t\t\t<img loading=\"lazy\" decoding=\"async\" width=\"1200\" height=\"630\" src=\"https:\/\/congty979-las877.com\/wp-content\/uploads\/2026\/03\/z7631864417409_8502356ee0be1cbe20fec5a6a21d5648.jpg\" class=\"attachment-2048x2048 size-2048x2048 wp-image-847\" alt=\"\" srcset=\"https:\/\/congty979-las877.com\/wp-content\/uploads\/2026\/03\/z7631864417409_8502356ee0be1cbe20fec5a6a21d5648.jpg 1200w, https:\/\/congty979-las877.com\/wp-content\/uploads\/2026\/03\/z7631864417409_8502356ee0be1cbe20fec5a6a21d5648-300x158.jpg 300w, https:\/\/congty979-las877.com\/wp-content\/uploads\/2026\/03\/z7631864417409_8502356ee0be1cbe20fec5a6a21d5648-1024x538.jpg 1024w, https:\/\/congty979-las877.com\/wp-content\/uploads\/2026\/03\/z7631864417409_8502356ee0be1cbe20fec5a6a21d5648-768x403.jpg 768w\" sizes=\"(max-width: 1200px) 100vw, 1200px\" \/>\t\t<\/div>\n\t\t\t\t<div class=\"elementor-portfolio-item__overlay\">\n\t\t\t\t<h3 class=\"elementor-portfolio-item__title\">\n\t\tN\u00daT GIAO V\u00c0NH \u0110AI 3 &#8211; C\u1ea6U NH\u01a0N TR\u1ea0CH\t\t<\/h3>\n\t\t\t\t<\/div>\n\t\t\t\t<\/a>\n\t\t<\/article>\n\t\t\t\t<\/div>\n\t\t\t\t\t\t<\/div>\n\t\t\t\t<\/div>\n\t\t\t\t\t<\/div>\n\t\t\t\t<\/div>\n\t\t\t\t<\/div>\n\t\t\t\t<\/div>\n\t\t","protected":false},"excerpt":{"rendered":"<p>NH\u1eeeNG D\u1ef0 \u00c1N N\u1ed4I B\u1eacT C\u1ee6A C\u00f4ng ty 979-las877 C\u00d4NG TY 979 &#8211; LAS 877 \u0111\u1ea3m b\u1ea3o ti\u1ebfn \u0111\u1ed9 &#8211; ch\u00ednh x\u00e1c &#8211; hi\u1ec7u qu\u1ea3 cho m\u1ecdi c\u00f4ng tr\u00ecnh.<\/p>\n","protected":false},"author":1,"featured_media":0,"parent":0,"menu_order":0,"comment_status":"closed","ping_status":"closed","template":"","meta":{"footnotes":""},"class_list":["post-173","page","type-page","status-publish","hentry"],"_links":{"self":[{"href":"https:\/\/congty979-las877.com\/index.php?rest_route=\/wp\/v2\/pages\/173","targetHints":{"allow":["GET"]}}],"collection":[{"href":"https:\/\/congty979-las877.com\/index.php?rest_route=\/wp\/v2\/pages"}],"about":[{"href":"https:\/\/congty979-las877.com\/index.php?rest_route=\/wp\/v2\/types\/page"}],"author":[{"embeddable":true,"href":"https:\/\/congty979-las877.com\/index.php?rest_route=\/wp\/v2\/users\/1"}],"replies":[{"embeddable":true,"href":"https:\/\/congty979-las877.com\/index.php?rest_route=%2Fwp%2Fv2%2Fcomments&post=173"}],"version-history":[{"count":37,"href":"https:\/\/congty979-las877.com\/index.php?rest_route=\/wp\/v2\/pages\/173\/revisions"}],"predecessor-version":[{"id":2063,"href":"https:\/\/congty979-las877.com\/index.php?rest_route=\/wp\/v2\/pages\/173\/revisions\/2063"}],"wp:attachment":[{"href":"https:\/\/congty979-las877.com\/index.php?rest_route=%2Fwp%2Fv2%2Fmedia&parent=173"}],"curies":[{"name":"wp","href":"https:\/\/api.w.org\/{rel}","templated":true}]}}