{"id":1392,"date":"2026-03-21T16:14:44","date_gmt":"2026-03-21T16:14:44","guid":{"rendered":"https:\/\/congty979-las877.com\/?page_id=1392"},"modified":"2026-04-09T09:44:36","modified_gmt":"2026-04-09T09:44:36","slug":"ho-so-phap-ly","status":"publish","type":"page","link":"https:\/\/congty979-las877.com\/?page_id=1392","title":{"rendered":"H\u1ed2 S\u01a0 PH\u00c1P L\u00dd"},"content":{"rendered":"\t\t<div data-elementor-type=\"wp-page\" data-elementor-id=\"1392\" class=\"elementor elementor-1392\" data-elementor-post-type=\"page\">\n\t\t\t\t<div class=\"elementor-element elementor-element-32e5924 e-con-full e-flex e-con e-parent\" data-id=\"32e5924\" data-element_type=\"container\" data-e-type=\"container\">\n\t\t\t\t<\/div>\n\t\t<div class=\"elementor-element elementor-element-3b9c28d e-con-full e-flex e-con e-parent\" data-id=\"3b9c28d\" data-element_type=\"container\" data-e-type=\"container\" data-settings=\"{&quot;background_background&quot;:&quot;classic&quot;}\">\n\t\t<div class=\"elementor-element elementor-element-a345c7b e-flex e-con-boxed e-con e-child\" data-id=\"a345c7b\" data-element_type=\"container\" data-e-type=\"container\">\n\t\t\t\t\t<div class=\"e-con-inner\">\n\t\t\t\t<div class=\"elementor-element elementor-element-f3e1c88 animated-slow elementor-invisible elementor-widget elementor-widget-heading\" data-id=\"f3e1c88\" data-element_type=\"widget\" data-e-type=\"widget\" data-settings=\"{&quot;_animation&quot;:&quot;slideInUp&quot;}\" data-widget_type=\"heading.default\">\n\t\t\t\t\t<h1 class=\"elementor-heading-title elementor-size-default\">Gi\u1edbi Thi\u1ec7u<\/h1>\t\t\t\t<\/div>\n\t\t\t\t<div class=\"elementor-element elementor-element-8e0f483 elementor-view-default elementor-widget elementor-widget-icon\" data-id=\"8e0f483\" data-element_type=\"widget\" data-e-type=\"widget\" data-widget_type=\"icon.default\">\n\t\t\t\t\t\t\t<div class=\"elementor-icon-wrapper\">\n\t\t\t<a class=\"elementor-icon\" href=\"https:\/\/congty979-las877.com\/\">\n\t\t\t<svg aria-hidden=\"true\" class=\"e-font-icon-svg e-fas-home\" viewBox=\"0 0 576 512\" xmlns=\"http:\/\/www.w3.org\/2000\/svg\"><path d=\"M280.37 148.26L96 300.11V464a16 16 0 0 0 16 16l112.06-.29a16 16 0 0 0 15.92-16V368a16 16 0 0 1 16-16h64a16 16 0 0 1 16 16v95.64a16 16 0 0 0 16 16.05L464 480a16 16 0 0 0 16-16V300L295.67 148.26a12.19 12.19 0 0 0-15.3 0zM571.6 251.47L488 182.56V44.05a12 12 0 0 0-12-12h-56a12 12 0 0 0-12 12v72.61L318.47 43a48 48 0 0 0-61 0L4.34 251.47a12 12 0 0 0-1.6 16.9l25.5 31A12 12 0 0 0 45.15 301l235.22-193.74a12.19 12.19 0 0 1 15.3 0L530.9 301a12 12 0 0 0 16.9-1.6l25.5-31a12 12 0 0 0-1.7-16.93z\"><\/path><\/svg>\t\t\t<\/a>\n\t\t<\/div>\n\t\t\t\t\t\t<\/div>\n\t\t\t\t<div class=\"elementor-element elementor-element-5834f84 elementor-widget elementor-widget-text-editor\" data-id=\"5834f84\" data-element_type=\"widget\" data-e-type=\"widget\" data-widget_type=\"text-editor.default\">\n\t\t\t\t\t\t\t\t\t<p>C\u00d4NG TY C\u1ed4 PH\u1ea6N T\u01af V\u1ea4N X\u00c2Y D\u1ef0NG C\u00d4NG TR\u00ccNH 979 \u0111\u01b0\u1ee3c th\u00e0nh l\u1eadp theo Gi\u1ea5y ch\u1ee9ng nh\u1eadn \u0111\u0103ng k\u00fd doanh nghi\u1ec7p s\u1ed1 0303257928 do S\u1edf K\u1ebf ho\u1ea1ch v\u00e0 \u0110\u1ea7u t\u01b0 th\u00e0nh ph\u1ed1 H\u1ed3 Ch\u00ed Minh ban h\u00e0nh ng\u00e0y 05 th\u00e1ng 04 n\u0103m 2004.<\/p><p>C\u00d4NG TY 979 \u2013 LAS 877 ho\u1ea1t \u0111\u1ed9ng xoay quanh l\u0129nh v\u1ef1c khoa h\u1ecdc k\u1ef9 thu\u1eadt chuy\u00ean ng\u00e0nh x\u00e2y d\u1ef1ng. Trong \u0111\u00f3, nhi\u1ec7m v\u1ee5 th\u01b0\u1eddng xuy\u00ean l\u00e0 cung c\u1ea5p d\u1ecbch v\u1ee5 Th\u00ed nghi\u1ec7m v\u1eadt li\u1ec7u x\u00e2y d\u1ef1ng v\u00e0 Ki\u1ec3m \u0111\u1ecbnh ch\u1ea5t l\u01b0\u1ee3ng c\u00e1c lo\u1ea1i c\u00f4ng tr\u00ecnh x\u00e2y d\u1ef1ng d\u00e2n d\u1ee5ng, giao th\u00f4ng, th\u1ee7y l\u1ee3i v\u00e0 c\u00f4ng tr\u00ecnh h\u1ea1 t\u1ea7ng k\u1ef9 thu\u1eadt. Qu\u1ea3n l\u00fd d\u1ef1 \u00e1n. T\u01b0 v\u1ea5n gi\u00e1m s\u00e1t c\u00f4ng tr\u00ecnh x\u00e2y d\u1ef1ng.<\/p><p>V\u1edbi \u0111\u1ed9i ng\u0169 nh\u00e2n s\u1ef1 \u0111\u01b0\u1ee3c \u0111\u00e0o t\u1ea1o b\u00e0i b\u1ea3n v\u00e0 nhi\u1ec1u kinh nghi\u1ec7m, c\u00f9ng v\u1edbi m\u1ee5c ti\u00eau lu\u00f4n ch\u00ednh x\u00e1c v\u00e0 k\u1ecbp th\u1eddi, C\u00d4NG TY 979 \u2013 LAS 877 h\u1ee9a h\u1eb9n s\u1ebd \u0111\u00e1p \u1ee9ng t\u1ed1t nh\u1ea5t c\u00e1c nhi\u1ec7m v\u1ee5 t\u1eeb Qu\u00fd Kh\u00e1ch h\u00e0ng.\u00a0<\/p>\t\t\t\t\t\t\t\t<\/div>\n\t\t\t\t\t<\/div>\n\t\t\t\t<\/div>\n\t\t\t\t<\/div>\n\t\t<div class=\"elementor-element elementor-element-4062f98 e-flex e-con-boxed e-con e-parent\" data-id=\"4062f98\" data-element_type=\"container\" data-e-type=\"container\">\n\t\t\t\t\t<div class=\"e-con-inner\">\n\t\t\t\t<div class=\"elementor-element elementor-element-4165da6 elementor-widget elementor-widget-spacer\" data-id=\"4165da6\" data-element_type=\"widget\" data-e-type=\"widget\" data-widget_type=\"spacer.default\">\n\t\t\t\t\t\t\t<div class=\"elementor-spacer\">\n\t\t\t<div class=\"elementor-spacer-inner\"><\/div>\n\t\t<\/div>\n\t\t\t\t\t\t<\/div>\n\t\t\t\t\t<\/div>\n\t\t\t\t<\/div>\n\t\t\t\t<\/div>\n\t\t","protected":false},"excerpt":{"rendered":"<p>Gi\u1edbi Thi\u1ec7u C\u00d4NG TY C\u1ed4 PH\u1ea6N T\u01af V\u1ea4N X\u00c2Y D\u1ef0NG C\u00d4NG TR\u00ccNH 979 \u0111\u01b0\u1ee3c th\u00e0nh l\u1eadp theo Gi\u1ea5y ch\u1ee9ng nh\u1eadn \u0111\u0103ng k\u00fd doanh nghi\u1ec7p s\u1ed1 0303257928 do S\u1edf K\u1ebf ho\u1ea1ch v\u00e0 \u0110\u1ea7u t\u01b0 th\u00e0nh ph\u1ed1 H\u1ed3 Ch\u00ed Minh ban h\u00e0nh ng\u00e0y 05 th\u00e1ng 04 n\u0103m 2004. C\u00d4NG TY 979 \u2013 LAS 877 ho\u1ea1t \u0111\u1ed9ng xoay [&hellip;]<\/p>\n","protected":false},"author":1,"featured_media":0,"parent":0,"menu_order":0,"comment_status":"closed","ping_status":"closed","template":"","meta":{"footnotes":""},"class_list":["post-1392","page","type-page","status-publish","hentry"],"_links":{"self":[{"href":"https:\/\/congty979-las877.com\/index.php?rest_route=\/wp\/v2\/pages\/1392","targetHints":{"allow":["GET"]}}],"collection":[{"href":"https:\/\/congty979-las877.com\/index.php?rest_route=\/wp\/v2\/pages"}],"about":[{"href":"https:\/\/congty979-las877.com\/index.php?rest_route=\/wp\/v2\/types\/page"}],"author":[{"embeddable":true,"href":"https:\/\/congty979-las877.com\/index.php?rest_route=\/wp\/v2\/users\/1"}],"replies":[{"embeddable":true,"href":"https:\/\/congty979-las877.com\/index.php?rest_route=%2Fwp%2Fv2%2Fcomments&post=1392"}],"version-history":[{"count":11,"href":"https:\/\/congty979-las877.com\/index.php?rest_route=\/wp\/v2\/pages\/1392\/revisions"}],"predecessor-version":[{"id":2086,"href":"https:\/\/congty979-las877.com\/index.php?rest_route=\/wp\/v2\/pages\/1392\/revisions\/2086"}],"wp:attachment":[{"href":"https:\/\/congty979-las877.com\/index.php?rest_route=%2Fwp%2Fv2%2Fmedia&parent=1392"}],"curies":[{"name":"wp","href":"https:\/\/api.w.org\/{rel}","templated":true}]}}